{"id":799,"date":"2019-10-18T23:12:44","date_gmt":"2019-10-18T21:12:44","guid":{"rendered":"http:\/\/www.ucs.wum.edu.pl\/?page_id=799"},"modified":"2022-09-21T18:44:38","modified_gmt":"2022-09-21T16:44:38","slug":"oferta","status":"publish","type":"page","link":"https:\/\/ucs.wum.edu.pl\/?page_id=799","title":{"rendered":"Oferta pomocy"},"content":{"rendered":"<p><span style=\"font-size: inherit;\"><span style=\"color: #008000;\">UWAGA: Poradnia funkcjonuje hybrydowo: poza konsultacjami kontaktowymi oferujemy r\u00f3wnie\u017c konsultacje online (Microsoft Teams, Zoom, Messanger, Signal).&nbsp;<\/span><\/span><\/p>\n<p>W ramach Poradni oferujemy przede wszystkim:<\/p>\n<ul>\n<li>poradnictwo psychologiczne<\/li>\n<li>coaching<\/li>\n<li>psychoedukacj\u0119<\/li>\n<li>trening radzenia sobie ze stresem<\/li>\n<li>edukacj\u0119 seksuologiczn\u0105.<\/li>\n<\/ul>\n<p>Nie prowadzimy psychoterapii.<\/p>\n<p>W celu umo\u017cliwienia dost\u0119pno\u015bci do Poradni jak najwi\u0119kszej liczbie student\u00f3w staramy si\u0119 stosowa\u0107 g\u0142\u00f3wnie kr\u00f3tkie interwencje terapeutyczne realizowane w trakcie trzech spotka\u0144. Nie oznacza to jednak braku mo\u017cliwo\u015bci ponownego kontaktu w przysz\u0142o\u015bci.<\/p>\n<p>Konsultacje s\u0105 bezp\u0142atne dla student\u00f3w WUM. Pojedyncza konsultacja trwa 50&nbsp;minut.&nbsp;<\/p>\n\n<div id=\"themify_builder_content-799\" data-postid=\"799\" class=\"themify_builder_content themify_builder_content-799 themify_builder\">\n    <\/div>\n\n\n\n","protected":false},"excerpt":{"rendered":"<p>UWAGA: Poradnia funkcjonuje hybrydowo: poza konsultacjami kontaktowymi oferujemy r\u00f3wnie\u017c konsultacje online (Microsoft Teams, Zoom, Messanger, Signal).&nbsp; W ramach Poradni oferujemy przede wszystkim: poradnictwo psychologiczne coaching psychoedukacj\u0119 trening radzenia sobie ze stresem edukacj\u0119 seksuologiczn\u0105. Nie prowadzimy psychoterapii. W celu umo\u017cliwienia dost\u0119pno\u015bci do Poradni jak najwi\u0119kszej liczbie student\u00f3w staramy si\u0119 stosowa\u0107 g\u0142\u00f3wnie kr\u00f3tkie interwencje terapeutyczne realizowane w&nbsp;[\u2026]<\/p>\n","protected":false},"author":1,"featured_media":0,"parent":0,"menu_order":0,"comment_status":"closed","ping_status":"closed","template":"","meta":{"_acf_changed":false,"wp_typography_post_enhancements_disabled":false,"footnotes":""},"class_list":["post-799","page","type-page","status-publish","hentry","has-post-title","has-post-date","has-post-category","has-post-tag","has-post-comment","has-post-author",""],"acf":[],"builder_content":"","_links":{"self":[{"href":"https:\/\/ucs.wum.edu.pl\/index.php?rest_route=\/wp\/v2\/pages\/799","targetHints":{"allow":["GET"]}}],"collection":[{"href":"https:\/\/ucs.wum.edu.pl\/index.php?rest_route=\/wp\/v2\/pages"}],"about":[{"href":"https:\/\/ucs.wum.edu.pl\/index.php?rest_route=\/wp\/v2\/types\/page"}],"author":[{"embeddable":true,"href":"https:\/\/ucs.wum.edu.pl\/index.php?rest_route=\/wp\/v2\/users\/1"}],"replies":[{"embeddable":true,"href":"https:\/\/ucs.wum.edu.pl\/index.php?rest_route=%2Fwp%2Fv2%2Fcomments&post=799"}],"version-history":[{"count":26,"href":"https:\/\/ucs.wum.edu.pl\/index.php?rest_route=\/wp\/v2\/pages\/799\/revisions"}],"predecessor-version":[{"id":1023,"href":"https:\/\/ucs.wum.edu.pl\/index.php?rest_route=\/wp\/v2\/pages\/799\/revisions\/1023"}],"wp:attachment":[{"href":"https:\/\/ucs.wum.edu.pl\/index.php?rest_route=%2Fwp%2Fv2%2Fmedia&parent=799"}],"curies":[{"name":"wp","href":"https:\/\/api.w.org\/{rel}","templated":true}]}}