{"id":796,"date":"2019-10-18T23:12:00","date_gmt":"2019-10-18T21:12:00","guid":{"rendered":"http:\/\/www.ucs.wum.edu.pl\/?page_id=796"},"modified":"2022-09-21T18:51:01","modified_gmt":"2022-09-21T16:51:01","slug":"o-nas","status":"publish","type":"page","link":"https:\/\/ucs.wum.edu.pl\/?page_id=796","title":{"rendered":"O Nas"},"content":{"rendered":"<p><strong>Zesp\u00f3\u0142 Poradni<\/strong><\/p>\n<p>Zesp\u00f3\u0142 Poradni liczy 9 os\u00f3b z wykszta\u0142ceniem psychologicznym, g\u0142\u00f3wnie pracownik\u00f3w etatowych Studium Psychologii Zdrowia WUM:<\/p>\n<ul>\n<li>dr Magdalen\u0119 \u0141azarewicz (koordynator prac Poradni, konsultacje w j. polskim i angielskim)<\/li>\n<li>dr hab. Dorot\u0119 W\u0142odarczyk (konsultacje w j. polskim i angielskim)<\/li>\n<li>dr Miros\u0142aw\u0119 Adamus (spec. psychologii klinicznej, konsultacje w j. polskim)&nbsp;<\/li>\n<li>dr Joann\u0119 Chyli\u0144sk\u0105 (konsultacje w j. polskim i angielskim)<\/li>\n<li>dra Tomasza Dud\u0119 (konsultacje w j. polskim i angielskim)<\/li>\n<li>dr Hann\u0119 Rozenek (w trakcie spec. z psychologii klinicznej, konsultacje w j.polskim)<\/li>\n<li>dr Urszul\u0119 Zi\u0119talewicz (konsultacje w j. polskim i angielskim)<\/li>\n<li>mgra Marcina Johna (konsultacje w j. polskim i angielskim)&nbsp;<\/li>\n<li>mgra Jakuba Zwi\u0105zek (konsultacje w j. polskim i angielskim)<\/li>\n<\/ul>\n<p><strong>Historia rozwoju Poradni<\/strong><\/p>\n<p>Uniwersytecka Poradnia Psychologiczna (<em>University Counselling Services<\/em> \u2014 UCS) za\u0142o\u017cona zosta\u0142a w styczniu 2014 przy Zak\u0142adzie Psychologii i Komunikacji Medycznej (w\u00f3wczas Zak\u0142adzie Psychologii Medycznej) II&nbsp;Wydzia\u0142u Lekarskiego WUM przy wsparciu finansowym Dziekana II&nbsp;Wydzia\u0142u Lekarskiego prof. dra. hab. Marka Kucha. Oficjalnie us\u0142ugi poradni dost\u0119pne by\u0142y tylko dla student\u00f3w Oddzia\u0142u Nauczania w J\u0119zyku Angielskim II Wydzia\u0142u Lekarskiego (<em>English Division<\/em> \u2013 ED). W okresie pomi\u0119dzy styczniem 2014 i czerwcem 2014 skonsultowano 11 student\u00f3w ED w&nbsp;ci\u0105gu 74 godzin (\u015brednio 6.7 sesji na studenta i 12.3 konsultacji miesi\u0119cznie).<\/p>\n<p>Studenci oddzia\u0142\u00f3w nauczania w j\u0119zyku polskim, Oddzia\u0142u Nauczania w J\u0119zyku Angielskim Wydzia\u0142u Lekarsko-Dentystycznego (<em>English Dentistry Division<\/em> \u2013 EDD) oraz studenci programu Erasmus konsultowani byli przez pracownik\u00f3w Zak\u0142adu <em>pro bono<\/em>.<\/p>\n<p>Po wstrzymaniu finansowania Poradni z funduszy II&nbsp;WL do czasu uzyskania wsparcia ze strony Fundacji Rozwoju WUM i PreMed College WUM, jej funkcjonowanie zosta\u0142o ograniczone do konsultacji <em>pro bono<\/em> student\u00f3w dotychczas obj\u0119tych opiek\u0105 i&nbsp;wymagaj\u0105cych jej utrzymania oraz os\u00f3b najpilniej potrzebuj\u0105cych pomocy psychologicznych (ze wzgl\u0119du na do\u015bwiadczane stany l\u0119kowe, depresj\u0119, my\u015bli samob\u00f3jcze, <em>bulling<\/em>, problemy z nadu\u017cywaniem substancji psychoaktywnych). W tym okresie z pomocy Poradni skorzysta\u0142o oko\u0142o 80 os\u00f3b (w roku akademickim 2014\/2015 skonsultowano 28 os\u00f3b w ci\u0105gu 198 godzin \u2013 \u015brednio 7 sesji na studenta i 22 sesje miesi\u0119cznie; ze wzgl\u0119du na nieformalne funkcjonowanie Poradni, poza tym okresem, nie prowadzono dok\u0142adnych statystyk).<\/p>\n<p>Dzi\u0119ki \u015brodkom uzyskanym z Funduszy Norweskich w ramach projektu SUPP \u2014 <em>Adaptacja kulturowa, integracja i wsparcie psychospo\u0142eczne dla student\u00f3w zagranicznych<\/em>, kt\u00f3rego kierownikiem by\u0142a dr Magdalena \u0141azarewicz, wyposa\u017cony zosta\u0142 gabinet terapii indywidualnej. Gabinet pocz\u0105tkowo mie\u015bci\u0142 si\u0119 w budynku ZIAM (ul. \u017bwirki i Wigury 81, pok. 73), sk\u0105d zosta\u0142 nast\u0119pnie przeniesiony do budynku na ul. Litewskiej 14a.<\/p>\n<p>Dzi\u0119ki wsparciu i patronatowi prof. dr hab. n. med. Barbary G\u00f3rnickiej, Prorektor ds. Studenckich i Kszta\u0142cenia, od 1 marca 2018 roku praca Poradni finansowana jest z funduszy Fundacji Rozwoju WUM, PreMed College WUM oraz funduszy w\u0142asnych WUM.<\/p>\n<p>Od 1 pa\u017adzirnika 2021 roku Poradnia funkcjonuje w ramach struktur Centrum Medycznego WUM Sp. z o. o., a nie jak wcze\u015bniej w strukturach uczelnianych WUM. Zakres pomocy oferowanej studentom nie uleg\u0142 zmianie.&nbsp;<\/p>\n<p><\/p>\n\n<div id=\"themify_builder_content-796\" data-postid=\"796\" class=\"themify_builder_content themify_builder_content-796 themify_builder\">\n    <\/div>\n\n\n\n","protected":false},"excerpt":{"rendered":"<p>Zesp\u00f3\u0142 Poradni Zesp\u00f3\u0142 Poradni liczy 9 os\u00f3b z wykszta\u0142ceniem psychologicznym, g\u0142\u00f3wnie pracownik\u00f3w etatowych Studium Psychologii Zdrowia WUM: dr Magdalen\u0119 \u0141azarewicz (koordynator prac Poradni, konsultacje w j. polskim i angielskim) dr hab. Dorot\u0119 W\u0142odarczyk (konsultacje w j. polskim i angielskim) dr Miros\u0142aw\u0119 Adamus (spec. psychologii klinicznej, konsultacje w j. polskim)&nbsp; dr Joann\u0119 Chyli\u0144sk\u0105 (konsultacje w&nbsp;j.&nbsp;[\u2026]<\/p>\n","protected":false},"author":1,"featured_media":0,"parent":0,"menu_order":0,"comment_status":"closed","ping_status":"closed","template":"","meta":{"_acf_changed":false,"wp_typography_post_enhancements_disabled":false,"footnotes":""},"class_list":["post-796","page","type-page","status-publish","hentry","has-post-title","has-post-date","has-post-category","has-post-tag","has-post-comment","has-post-author",""],"acf":[],"builder_content":"","_links":{"self":[{"href":"https:\/\/ucs.wum.edu.pl\/index.php?rest_route=\/wp\/v2\/pages\/796","targetHints":{"allow":["GET"]}}],"collection":[{"href":"https:\/\/ucs.wum.edu.pl\/index.php?rest_route=\/wp\/v2\/pages"}],"about":[{"href":"https:\/\/ucs.wum.edu.pl\/index.php?rest_route=\/wp\/v2\/types\/page"}],"author":[{"embeddable":true,"href":"https:\/\/ucs.wum.edu.pl\/index.php?rest_route=\/wp\/v2\/users\/1"}],"replies":[{"embeddable":true,"href":"https:\/\/ucs.wum.edu.pl\/index.php?rest_route=%2Fwp%2Fv2%2Fcomments&post=796"}],"version-history":[{"count":14,"href":"https:\/\/ucs.wum.edu.pl\/index.php?rest_route=\/wp\/v2\/pages\/796\/revisions"}],"predecessor-version":[{"id":1030,"href":"https:\/\/ucs.wum.edu.pl\/index.php?rest_route=\/wp\/v2\/pages\/796\/revisions\/1030"}],"wp:attachment":[{"href":"https:\/\/ucs.wum.edu.pl\/index.php?rest_route=%2Fwp%2Fv2%2Fmedia&parent=796"}],"curies":[{"name":"wp","href":"https:\/\/api.w.org\/{rel}","templated":true}]}}