{"id":731,"date":"2019-10-18T22:49:38","date_gmt":"2019-10-18T20:49:38","guid":{"rendered":"http:\/\/www.ucs.wum.edu.pl\/?page_id=731"},"modified":"2020-03-24T21:34:01","modified_gmt":"2020-03-24T20:34:01","slug":"faq-2","status":"publish","type":"page","link":"https:\/\/ucs.wum.edu.pl\/?page_id=731","title":{"rendered":"FAQ"},"content":{"rendered":"<div id=\"themify_builder_content-731\" data-postid=\"731\" class=\"themify_builder_content themify_builder_content-731 themify_builder\">\n    <\/div>\n\n\n\n\n<p>(COVID-19) <strong>Czy Poradnia dzia\u0142a pomimo odwo\u0142ania zaj\u0119\u0107 na WUM?<\/strong><br>Tak. Ca\u0142y czas jeste\u015bmy dost\u0119pni dla student\u00f3w WUM i umawiamy na konsultacje nowe osoby.<br>Jednak obecnie wszystkie konsultacje Poradni przeniesione zosta\u0142y na komunikatory internetowe (Skype, Zoom, Messenger, Microsoft Teams). Zach\u0119camy tak\u017ce do kontaktu mailowego.<\/p>\n<p><strong>Czy mog\u0119 skorzysta\u0107 z jakich\u015b innych form pomocy na WUM?<\/strong><br>Je\u015bli j\u0119zyk angielski nie jest dla Ciebie przeszkod\u0105 mo\u017cesz tak\u017ce skorzysta\u0107 z forum Medical University of Warsaw Peer Support for English Speaking Students (https:\/\/psychewum.wixsite.com\/peersupport) \u2014 strony prowadzonej przez student\u00f3w z Psychologicznego SKN PSYCHE pod opiek\u0105 Poradni.<\/p>\n","protected":false},"excerpt":{"rendered":"<p>(COVID-19) Czy Poradnia dzia\u0142a pomimo odwo\u0142ania zaj\u0119\u0107 na WUM?Tak. Ca\u0142y czas jeste\u015bmy dost\u0119pni dla student\u00f3w WUM i umawiamy na konsultacje nowe osoby.Jednak obecnie wszystkie konsultacje Poradni przeniesione zosta\u0142y na komunikatory internetowe (Skype, Zoom, Messenger, Microsoft Teams). Zach\u0119camy tak\u017ce do kontaktu mailowego. Czy mog\u0119 skorzysta\u0107 z jakich\u015b innych form pomocy na WUM?Je\u015bli j\u0119zyk angielski nie&nbsp;jest&nbsp;[\u2026]<\/p>\n","protected":false},"author":1,"featured_media":0,"parent":0,"menu_order":0,"comment_status":"closed","ping_status":"closed","template":"","meta":{"_acf_changed":false,"wp_typography_post_enhancements_disabled":false,"footnotes":""},"class_list":["post-731","page","type-page","status-publish","hentry","has-post-title","has-post-date","has-post-category","has-post-tag","has-post-comment","has-post-author",""],"acf":[],"builder_content":"","_links":{"self":[{"href":"https:\/\/ucs.wum.edu.pl\/index.php?rest_route=\/wp\/v2\/pages\/731","targetHints":{"allow":["GET"]}}],"collection":[{"href":"https:\/\/ucs.wum.edu.pl\/index.php?rest_route=\/wp\/v2\/pages"}],"about":[{"href":"https:\/\/ucs.wum.edu.pl\/index.php?rest_route=\/wp\/v2\/types\/page"}],"author":[{"embeddable":true,"href":"https:\/\/ucs.wum.edu.pl\/index.php?rest_route=\/wp\/v2\/users\/1"}],"replies":[{"embeddable":true,"href":"https:\/\/ucs.wum.edu.pl\/index.php?rest_route=%2Fwp%2Fv2%2Fcomments&post=731"}],"version-history":[{"count":13,"href":"https:\/\/ucs.wum.edu.pl\/index.php?rest_route=\/wp\/v2\/pages\/731\/revisions"}],"predecessor-version":[{"id":953,"href":"https:\/\/ucs.wum.edu.pl\/index.php?rest_route=\/wp\/v2\/pages\/731\/revisions\/953"}],"wp:attachment":[{"href":"https:\/\/ucs.wum.edu.pl\/index.php?rest_route=%2Fwp%2Fv2%2Fmedia&parent=731"}],"curies":[{"name":"wp","href":"https:\/\/api.w.org\/{rel}","templated":true}]}}