{"id":666,"date":"2019-08-29T23:39:16","date_gmt":"2019-08-29T21:39:16","guid":{"rendered":"http:\/\/www.ucs.wum.edu.pl\/?page_id=666"},"modified":"2024-10-09T00:10:03","modified_gmt":"2024-10-08T22:10:03","slug":"kontakt","status":"publish","type":"page","link":"https:\/\/ucs.wum.edu.pl\/?page_id=666","title":{"rendered":"Zapisy"},"content":{"rendered":"<p>Krok 1:<\/p>\n<p>Zapraszamy do zapoznania si\u0119 z kalendarzem wolnych termin\u00f3w na <span style=\"color: #0000ff;\"><a style=\"color: #0000ff;\" href=\"https:\/\/bit.ly\/UCS_WUM\">https:\/\/bit.ly\/UCS_WUM<\/a> <\/span>i wyb\u00f3r od razu <strong>3 termin\u00f3w u tego samego psychologa w odst\u0119pie min. 1 tygodnia<\/strong> (optymalnie np. trzy kolejne poniedzia\u0142ki o 14.00). Przez \u201ewyb\u00f3r\u201d rozumiemy zanotowanie sobie tych termin\u00f3w (nie mo\u017cna si\u0119 na nie zapisa\u0107 online).<\/p>\n<p>Krok 2:<\/p>\n<p><span style=\"text-decoration: underline;\">Ze swojego adresu studenckiego WUM<\/span> prosimy przes\u0142a\u0107 na adres dr Magdaleny \u0141azarewicz (<span style=\"color: #333399;\"><a style=\"color: #333399;\" href=\"mailto:magdalena.lazarewicz@wum.edu.pl\">magdalena.lazarewicz@wum.edu.pl<\/a><\/span>) wiadomo\u015b\u0107 dotycz\u0105c\u0105 wybranych termin\u00f3w. Je\u015bli pasuje Pa\u0144stwu wi\u0119cej ni\u017c jednen \u201ezestaw\u201d (np. poniedzia\u0142ki 22.11, 29.11 i 6.12 o 14.00 i \u015brody 25.11, 2.12 i 9.12 o 18.00 lub 19.00), prosimy o podanie wszystkich opcji. Bardzo prosimy stara\u0107 si\u0119 nie wybiera\u0107 terminu z dnia na dzie\u0144 (jest nik\u0142a szansa, \u017ce otrzymuj\u0105c email od Pa\u0144stwa w poniedzia\u0142ek o 23.30 damy rad\u0119 zarezerwowa\u0107 wizyt\u0119 na wtorek nast\u0119pnego dnia o 12.00). &nbsp;Nie zawsze nad\u0105\u017camy z blokad\u0105 wybranych termin\u00f3w niebawem po otrzymaniu maila, wi\u0119c prosimy o wyrozumia\u0142o\u015b\u0107 i mo\u017cliw\u0105 elastyczno\u015b\u0107 \u2013 obowi\u0105zuje kolejno\u015b\u0107 zg\u0142osze\u0144.<\/p>\n<p>W tytule maila prosimy wpisa\u0107: UPP<\/p>\n<p>W tre\u015bci, poza optymalnymi dla siebie datami konsultacji, prosimy poda\u0107 swoje imi\u0119 i nazwisko oraz rok i kierunek studi\u00f3w.<\/p>\n<p>Krok 3:<\/p>\n<p>Prosimy oczekiwa\u0107 na email od dr Magdaleny \u0141azarewicz z <span style=\"text-decoration: underline;\">potwierdzeniem<\/span> terminu spotkania i bezpo\u015brednim kontaktem mailowym do psychologa prowadz\u0105cego konsultacj\u0119. W razie konieczno\u015bci zmiany terminu spotkania, potrzeby przeniesienia go online itp, bardzo prosimy o bezpo\u015bredni kontakt z osob\u0105 do kt\u00f3rej si\u0119 Pa\u0144stwo zapisali).&nbsp;<\/p>\n<p>Krok 4:<\/p>\n<p>Zapraszamy na konsultacj\u0119 we wskazanym terminie na ul. Litewsk\u0105 14. Szczeg\u00f3\u0142y dotycz\u0105ce numeru pokoju zawarte b\u0119d\u0105 w mailu z potwierdzeniem (patrz Krok&nbsp;3).<\/p>\n<p>***Co do zasady dzia\u0142amy kontaktowo. Jest jednak r\u00f3wnie\u017c mo\u017cliwo\u015b\u0107 konsultacji zdalnych (Zoom, MT, Skype, Messanger, Signal). W przypadku preferencji takiego rozwi\u0105zania prosimy o tym wspomnie\u0107 w mailu. Konsultacje s\u0105 bezp\u0142atne. Pojedyncza konsultacja trwa oko\u0142o 50&nbsp;minut.***<\/p>\n<p>&nbsp;CO JE\u015aLI <strong>NIE PASUJE MI \u017bADEN TERMIN<\/strong> \/ TERMINY SI\u0118 SKO\u0143CZY\u0141Y (kalendarz jest&nbsp;pusty)?<\/p>\n<p>W takim przypadku tak\u017ce prosimu o kontakt z dr Magdalen\u0105 \u0141azarewicz (<a href=\"mailto:magdalena.lazarewicz@wum.edu.pl\">magdalena.lazarewicz@wum.edu.pl<\/a>). Mo\u017ce uda nam si\u0119 jako\u015b temu zaradzi\u0107&nbsp;\ud83d\ude42&nbsp;<\/p>\n\n<div id=\"themify_builder_content-666\" data-postid=\"666\" class=\"themify_builder_content themify_builder_content-666 themify_builder\">\n    \t<!-- module_row -->\n\t<div class=\"themify_builder_row module_row clearfix module_row_0 themify_builder_666_row module_row_666-0 tb_f30f840\">\n\t    \t    <div class=\"row_inner col_align_top\">\n\t\t\t<div class=\"module_column tb-column col-full first tb_666_column module_column_0 module_column_666-0-0 tb_960c3b6\">\n\t    \t    \t        <div class=\"tb-column-inner\">\n\t\t        <!-- module gallery -->\n    <div class=\"module gallery module-gallery tb_6f76a45 gallery-columns-4  layout-grid rounded  \">\n\t                \n    <dl class=\"gallery-item\">\n        <dt class=\"gallery-icon\">\n        <a data-title title href=\"https:\/\/ucs.wum.edu.pl\/wp-content\/uploads\/2018\/09\/SUPP_011.jpg\"><img loading=\"lazy\" decoding=\"async\" width=\"1024\" height=\"687\" src=\"https:\/\/ucs.wum.edu.pl\/wp-content\/uploads\/2018\/09\/SUPP_011-1024x687.jpg\" class=\" wp-post-image wp-image-573\" alt=\"SUPP_011\" srcset=\"https:\/\/ucs.wum.edu.pl\/wp-content\/uploads\/2018\/09\/SUPP_011-1024x687.jpg 1024w, https:\/\/ucs.wum.edu.pl\/wp-content\/uploads\/2018\/09\/SUPP_011-300x201.jpg 300w, https:\/\/ucs.wum.edu.pl\/wp-content\/uploads\/2018\/09\/SUPP_011.jpg 1980w\" sizes=\"auto, (max-width: 1024px) 100vw, 1024px\"><\/a>        <\/dt>\n        <dd>\n                                <\/dd>\n    <\/dl>\n\n\n    <dl class=\"gallery-item\">\n        <dt class=\"gallery-icon\">\n        <a data-title title href=\"https:\/\/ucs.wum.edu.pl\/wp-content\/uploads\/2018\/09\/SUPP_010.jpg\"><img loading=\"lazy\" decoding=\"async\" width=\"1024\" height=\"687\" src=\"https:\/\/ucs.wum.edu.pl\/wp-content\/uploads\/2018\/09\/SUPP_010-1024x687.jpg\" class=\" wp-post-image wp-image-572\" alt=\"SUPP_010\" srcset=\"https:\/\/ucs.wum.edu.pl\/wp-content\/uploads\/2018\/09\/SUPP_010-1024x687.jpg 1024w, https:\/\/ucs.wum.edu.pl\/wp-content\/uploads\/2018\/09\/SUPP_010-300x201.jpg 300w, https:\/\/ucs.wum.edu.pl\/wp-content\/uploads\/2018\/09\/SUPP_010.jpg 1980w\" sizes=\"auto, (max-width: 1024px) 100vw, 1024px\"><\/a>        <\/dt>\n        <dd>\n                                <\/dd>\n    <\/dl>\n\n\n    <dl class=\"gallery-item\">\n        <dt class=\"gallery-icon\">\n        <a data-title title href=\"https:\/\/ucs.wum.edu.pl\/wp-content\/uploads\/2018\/09\/SUPP_008.jpg\"><img loading=\"lazy\" decoding=\"async\" width=\"1024\" height=\"687\" src=\"https:\/\/ucs.wum.edu.pl\/wp-content\/uploads\/2018\/09\/SUPP_008-1024x687.jpg\" class=\" wp-post-image wp-image-571\" alt=\"SUPP_008\" srcset=\"https:\/\/ucs.wum.edu.pl\/wp-content\/uploads\/2018\/09\/SUPP_008-1024x687.jpg 1024w, https:\/\/ucs.wum.edu.pl\/wp-content\/uploads\/2018\/09\/SUPP_008-300x201.jpg 300w, https:\/\/ucs.wum.edu.pl\/wp-content\/uploads\/2018\/09\/SUPP_008.jpg 1980w\" sizes=\"auto, (max-width: 1024px) 100vw, 1024px\"><\/a>        <\/dt>\n        <dd>\n                                <\/dd>\n    <\/dl>\n\n\n    <dl class=\"gallery-item\">\n        <dt class=\"gallery-icon\">\n        <a data-title title href=\"https:\/\/ucs.wum.edu.pl\/wp-content\/uploads\/2018\/09\/SUPP_007.jpg\"><img loading=\"lazy\" decoding=\"async\" width=\"1024\" height=\"687\" src=\"https:\/\/ucs.wum.edu.pl\/wp-content\/uploads\/2018\/09\/SUPP_007-1024x687.jpg\" class=\" wp-post-image wp-image-570\" alt=\"SUPP_007\" srcset=\"https:\/\/ucs.wum.edu.pl\/wp-content\/uploads\/2018\/09\/SUPP_007-1024x687.jpg 1024w, https:\/\/ucs.wum.edu.pl\/wp-content\/uploads\/2018\/09\/SUPP_007-300x201.jpg 300w, https:\/\/ucs.wum.edu.pl\/wp-content\/uploads\/2018\/09\/SUPP_007.jpg 1980w\" sizes=\"auto, (max-width: 1024px) 100vw, 1024px\"><\/a>        <\/dt>\n        <dd>\n                                <\/dd>\n    <\/dl>\n\n\n    <dl class=\"gallery-item\">\n        <dt class=\"gallery-icon\">\n        <a data-title title href=\"https:\/\/ucs.wum.edu.pl\/wp-content\/uploads\/2018\/09\/SUPP_005.jpg\"><img loading=\"lazy\" decoding=\"async\" width=\"1024\" height=\"687\" src=\"https:\/\/ucs.wum.edu.pl\/wp-content\/uploads\/2018\/09\/SUPP_005-1024x687.jpg\" class=\" wp-post-image wp-image-569\" alt=\"SUPP_005\" srcset=\"https:\/\/ucs.wum.edu.pl\/wp-content\/uploads\/2018\/09\/SUPP_005-1024x687.jpg 1024w, https:\/\/ucs.wum.edu.pl\/wp-content\/uploads\/2018\/09\/SUPP_005-300x201.jpg 300w, https:\/\/ucs.wum.edu.pl\/wp-content\/uploads\/2018\/09\/SUPP_005.jpg 1980w\" sizes=\"auto, (max-width: 1024px) 100vw, 1024px\"><\/a>        <\/dt>\n        <dd>\n                                <\/dd>\n    <\/dl>\n\n\n    <dl class=\"gallery-item\">\n        <dt class=\"gallery-icon\">\n        <a data-title title href=\"https:\/\/ucs.wum.edu.pl\/wp-content\/uploads\/2018\/09\/SUPP_004.jpg\"><img loading=\"lazy\" decoding=\"async\" width=\"1024\" height=\"687\" src=\"https:\/\/ucs.wum.edu.pl\/wp-content\/uploads\/2018\/09\/SUPP_004-1024x687.jpg\" class=\" wp-post-image wp-image-568\" alt=\"SUPP_004\" srcset=\"https:\/\/ucs.wum.edu.pl\/wp-content\/uploads\/2018\/09\/SUPP_004-1024x687.jpg 1024w, https:\/\/ucs.wum.edu.pl\/wp-content\/uploads\/2018\/09\/SUPP_004-300x201.jpg 300w, https:\/\/ucs.wum.edu.pl\/wp-content\/uploads\/2018\/09\/SUPP_004.jpg 1980w\" sizes=\"auto, (max-width: 1024px) 100vw, 1024px\"><\/a>        <\/dt>\n        <dd>\n                                <\/dd>\n    <\/dl>\n\n\n    <dl class=\"gallery-item\">\n        <dt class=\"gallery-icon\">\n        <a data-title title href=\"https:\/\/ucs.wum.edu.pl\/wp-content\/uploads\/2018\/09\/SUPP_003.jpg\"><img loading=\"lazy\" decoding=\"async\" width=\"1024\" height=\"687\" src=\"https:\/\/ucs.wum.edu.pl\/wp-content\/uploads\/2018\/09\/SUPP_003-1024x687.jpg\" class=\" wp-post-image wp-image-567\" alt=\"SUPP_003\" srcset=\"https:\/\/ucs.wum.edu.pl\/wp-content\/uploads\/2018\/09\/SUPP_003-1024x687.jpg 1024w, https:\/\/ucs.wum.edu.pl\/wp-content\/uploads\/2018\/09\/SUPP_003-300x201.jpg 300w, https:\/\/ucs.wum.edu.pl\/wp-content\/uploads\/2018\/09\/SUPP_003.jpg 1980w\" sizes=\"auto, (max-width: 1024px) 100vw, 1024px\"><\/a>        <\/dt>\n        <dd>\n                                <\/dd>\n    <\/dl>\n\n\n    <dl class=\"gallery-item\">\n        <dt class=\"gallery-icon\">\n        <a data-title title href=\"https:\/\/ucs.wum.edu.pl\/wp-content\/uploads\/2018\/09\/SUPP_002.jpg\"><img loading=\"lazy\" decoding=\"async\" width=\"1024\" height=\"687\" src=\"https:\/\/ucs.wum.edu.pl\/wp-content\/uploads\/2018\/09\/SUPP_002-1024x687.jpg\" class=\" wp-post-image wp-image-566\" alt=\"SUPP_002\" srcset=\"https:\/\/ucs.wum.edu.pl\/wp-content\/uploads\/2018\/09\/SUPP_002-1024x687.jpg 1024w, https:\/\/ucs.wum.edu.pl\/wp-content\/uploads\/2018\/09\/SUPP_002-300x201.jpg 300w, https:\/\/ucs.wum.edu.pl\/wp-content\/uploads\/2018\/09\/SUPP_002.jpg 1980w\" sizes=\"auto, (max-width: 1024px) 100vw, 1024px\"><\/a>        <\/dt>\n        <dd>\n                                <\/dd>\n    <\/dl>\n\n\n    <dl class=\"gallery-item\">\n        <dt class=\"gallery-icon\">\n        <a data-title title href=\"https:\/\/ucs.wum.edu.pl\/wp-content\/uploads\/2018\/09\/SUPP_001.jpg\"><img loading=\"lazy\" decoding=\"async\" width=\"1024\" height=\"687\" src=\"https:\/\/ucs.wum.edu.pl\/wp-content\/uploads\/2018\/09\/SUPP_001-1024x687.jpg\" class=\" wp-post-image wp-image-565\" alt=\"SUPP_001\" srcset=\"https:\/\/ucs.wum.edu.pl\/wp-content\/uploads\/2018\/09\/SUPP_001-1024x687.jpg 1024w, https:\/\/ucs.wum.edu.pl\/wp-content\/uploads\/2018\/09\/SUPP_001-300x201.jpg 300w, https:\/\/ucs.wum.edu.pl\/wp-content\/uploads\/2018\/09\/SUPP_001.jpg 1980w\" sizes=\"auto, (max-width: 1024px) 100vw, 1024px\"><\/a>        <\/dt>\n        <dd>\n                                <\/dd>\n    <\/dl>\n\n<br style=\"clear: both\">\n\n    <\/div>\n    <!-- \/module gallery -->\n\t        <\/div>\n\t    \t<\/div>\n\t\t    <\/div>\n\t    <!-- \/row_inner -->\n\t<\/div>\n\t<!-- \/module_row -->\n\t<\/div>\n\n\n\n","protected":false},"excerpt":{"rendered":"<p>Krok 1: Zapraszamy do zapoznania si\u0119 z kalendarzem wolnych termin\u00f3w na https:\/\/bit.ly\/UCS_WUM i wyb\u00f3r od razu 3 termin\u00f3w u tego samego psychologa w odst\u0119pie min. 1 tygodnia (optymalnie np. trzy kolejne poniedzia\u0142ki o 14.00). Przez \u201ewyb\u00f3r\u201d rozumiemy zanotowanie sobie tych termin\u00f3w (nie mo\u017cna si\u0119 na nie zapisa\u0107 online). Krok 2: Ze swojego adresu studenckiego WUM&nbsp;[\u2026]<\/p>\n","protected":false},"author":1,"featured_media":0,"parent":0,"menu_order":0,"comment_status":"closed","ping_status":"closed","template":"","meta":{"_acf_changed":false,"wp_typography_post_enhancements_disabled":false,"footnotes":""},"class_list":["post-666","page","type-page","status-publish","hentry","has-post-title","has-post-date","has-post-category","has-post-tag","has-post-comment","has-post-author",""],"acf":[],"builder_content":"[gallery ids=\"573,572,571,570,569,568,567,566,565\"]","_links":{"self":[{"href":"https:\/\/ucs.wum.edu.pl\/index.php?rest_route=\/wp\/v2\/pages\/666","targetHints":{"allow":["GET"]}}],"collection":[{"href":"https:\/\/ucs.wum.edu.pl\/index.php?rest_route=\/wp\/v2\/pages"}],"about":[{"href":"https:\/\/ucs.wum.edu.pl\/index.php?rest_route=\/wp\/v2\/types\/page"}],"author":[{"embeddable":true,"href":"https:\/\/ucs.wum.edu.pl\/index.php?rest_route=\/wp\/v2\/users\/1"}],"replies":[{"embeddable":true,"href":"https:\/\/ucs.wum.edu.pl\/index.php?rest_route=%2Fwp%2Fv2%2Fcomments&post=666"}],"version-history":[{"count":24,"href":"https:\/\/ucs.wum.edu.pl\/index.php?rest_route=\/wp\/v2\/pages\/666\/revisions"}],"predecessor-version":[{"id":1050,"href":"https:\/\/ucs.wum.edu.pl\/index.php?rest_route=\/wp\/v2\/pages\/666\/revisions\/1050"}],"wp:attachment":[{"href":"https:\/\/ucs.wum.edu.pl\/index.php?rest_route=%2Fwp%2Fv2%2Fmedia&parent=666"}],"curies":[{"name":"wp","href":"https:\/\/api.w.org\/{rel}","templated":true}]}}