{"id":263,"date":"2016-05-06T01:13:34","date_gmt":"2016-05-05T23:13:34","guid":{"rendered":"http:\/\/www.ucs.wum.edu.pl\/?page_id=263"},"modified":"2022-09-21T19:09:58","modified_gmt":"2022-09-21T17:09:58","slug":"general-information","status":"publish","type":"page","link":"https:\/\/ucs.wum.edu.pl\/?page_id=263","title":{"rendered":"General Information"},"content":{"rendered":"<p>The University Counselling Services (UCS) by the MUW\u2019s Department of Medical Psychology and Medical Communication were founded in January 2014. It is a service available for all MUW\u2019s students. The UCS team includes nine psychologists (seven providing consultations in English: Magdalena \u0141azarewicz, Dorota W\u0142odarczyk, <span style=\"color: initial;\">Joanna Chyli\u0144ska, <\/span><span style=\"color: initial;\">Tomasz Duda, <\/span>Urszula Zi\u0119talewicz, Marcin John and Jakub Zwi\u0105zek).&nbsp;<\/p>\n\n<div id=\"themify_builder_content-263\" data-postid=\"263\" class=\"themify_builder_content themify_builder_content-263 themify_builder\">\n    <\/div>\n\n\n\n","protected":false},"excerpt":{"rendered":"<p>The University Counselling Services (UCS) by the MUW\u2019s Department of Medical Psychology and Medical Communication were founded in January 2014. It is a service available for all MUW\u2019s students. The UCS team includes nine psychologists (seven providing consultations in English: Magdalena \u0141azarewicz, Dorota W\u0142odarczyk, Joanna Chyli\u0144ska, Tomasz Duda, Urszula Zi\u0119talewicz, Marcin John and Jakub Zwi\u0105zek).&nbsp;<\/p>\n","protected":false},"author":1,"featured_media":0,"parent":0,"menu_order":0,"comment_status":"closed","ping_status":"closed","template":"","meta":{"_acf_changed":false,"wp_typography_post_enhancements_disabled":false,"footnotes":""},"class_list":["post-263","page","type-page","status-publish","hentry","has-post-title","has-post-date","has-post-category","has-post-tag","has-post-comment","has-post-author",""],"acf":[],"builder_content":"","_links":{"self":[{"href":"https:\/\/ucs.wum.edu.pl\/index.php?rest_route=\/wp\/v2\/pages\/263","targetHints":{"allow":["GET"]}}],"collection":[{"href":"https:\/\/ucs.wum.edu.pl\/index.php?rest_route=\/wp\/v2\/pages"}],"about":[{"href":"https:\/\/ucs.wum.edu.pl\/index.php?rest_route=\/wp\/v2\/types\/page"}],"author":[{"embeddable":true,"href":"https:\/\/ucs.wum.edu.pl\/index.php?rest_route=\/wp\/v2\/users\/1"}],"replies":[{"embeddable":true,"href":"https:\/\/ucs.wum.edu.pl\/index.php?rest_route=%2Fwp%2Fv2%2Fcomments&post=263"}],"version-history":[{"count":14,"href":"https:\/\/ucs.wum.edu.pl\/index.php?rest_route=\/wp\/v2\/pages\/263\/revisions"}],"predecessor-version":[{"id":1032,"href":"https:\/\/ucs.wum.edu.pl\/index.php?rest_route=\/wp\/v2\/pages\/263\/revisions\/1032"}],"wp:attachment":[{"href":"https:\/\/ucs.wum.edu.pl\/index.php?rest_route=%2Fwp%2Fv2%2Fmedia&parent=263"}],"curies":[{"name":"wp","href":"https:\/\/api.w.org\/{rel}","templated":true}]}}